{"id":667,"date":"2022-09-02T22:19:08","date_gmt":"2022-09-02T20:19:08","guid":{"rendered":"https:\/\/malisic.ba\/udesign-welcome\/"},"modified":"2022-09-06T08:58:08","modified_gmt":"2022-09-06T06:58:08","slug":"udesign-welcome","status":"publish","type":"page","link":"https:\/\/malisic.ba\/en\/","title":{"rendered":"Home"},"content":{"rendered":"[vc_row][vc_column]\n\t\t\t<!-- START Slider 2 REVOLUTION SLIDER 6.5.6 --><p class=\"rs-p-wp-fix\"><\/p>\n\t\t\t<rs-module-wrap id=\"rev_slider_4_1_wrapper\" data-source=\"gallery\" style=\"visibility:hidden;background:transparent;padding:0;margin:0px auto;margin-top:0;margin-bottom:0;\">\n\t\t\t\t<rs-module id=\"rev_slider_4_1\" style=\"\" data-version=\"6.5.6\">\n\t\t\t\t\t<rs-slides>\n\t\t\t\t\t\t<rs-slide style=\"position: absolute;\" data-key=\"rs-13\" data-title=\"Slide\" data-in=\"o:0;\" data-out=\"a:false;\">\n\t\t\t\t\t\t\t<img decoding=\"async\" src=\"\/\/malisic.ba\/wp-content\/plugins\/revslider\/public\/assets\/assets\/dummy.png\" alt=\"Slide\" title=\"Home\" class=\"rev-slidebg tp-rs-img rs-lazyload\" data-lazyload=\"\/\/malisic.ba\/wp-content\/plugins\/revslider\/public\/assets\/assets\/transparent.png\" data-no-retina>\n<!--\n\t\t\t\t\t\t\t--><rs-layer\n\t\t\t\t\t\t\t\tid=\"slider-4-slide-13-layer-3\" \n\t\t\t\t\t\t\t\tdata-type=\"text\"\n\t\t\t\t\t\t\t\tdata-color=\"#ffffff\"\n\t\t\t\t\t\t\t\tdata-rsp_ch=\"on\"\n\t\t\t\t\t\t\t\tdata-xy=\"x:54px;y:50px;\"\n\t\t\t\t\t\t\t\tdata-text=\"w:normal;s:70;l:85;fw:300;\"\n\t\t\t\t\t\t\t\tdata-frame_999=\"o:0;st:w;sR:8700;\"\n\t\t\t\t\t\t\t\tstyle=\"z-index:18;font-family:'Roboto';\"\n\t\t\t\t\t\t\t>Mali\u0161i\u0107 nudi \n\t\t\t\t\t\t\t<\/rs-layer><!--\n\n\t\t\t\t\t\t\t--><rs-layer\n\t\t\t\t\t\t\t\tid=\"slider-4-slide-13-layer-5\" \n\t\t\t\t\t\t\t\tdata-type=\"text\"\n\t\t\t\t\t\t\t\tdata-color=\"#ffffff\"\n\t\t\t\t\t\t\t\tdata-rsp_ch=\"on\"\n\t\t\t\t\t\t\t\tdata-xy=\"x:c;xo:50px;y:50px;\"\n\t\t\t\t\t\t\t\tdata-text=\"w:normal;s:70;l:85;\"\n\t\t\t\t\t\t\t\tdata-dim=\"w:450px;\"\n\t\t\t\t\t\t\t\tdata-frame_1=\"st:700;sR:700;\"\n\t\t\t\t\t\t\t\tdata-frame_999=\"o:0;st:2200;sR:1200;\"\n\t\t\t\t\t\t\t\tstyle=\"z-index:17;font-family:'Roboto';\"\n\t\t\t\t\t\t\t>veliki izbor \n\t\t\t\t\t\t\t<\/rs-layer><!--\n\n\t\t\t\t\t\t\t--><rs-layer\n\t\t\t\t\t\t\t\tid=\"slider-4-slide-13-layer-6\" \n\t\t\t\t\t\t\t\tdata-type=\"text\"\n\t\t\t\t\t\t\t\tdata-color=\"#ffffff\"\n\t\t\t\t\t\t\t\tdata-rsp_ch=\"on\"\n\t\t\t\t\t\t\t\tdata-xy=\"x:c;xo:50px;y:50px;\"\n\t\t\t\t\t\t\t\tdata-text=\"w:normal;s:70;l:85;\"\n\t\t\t\t\t\t\t\tdata-dim=\"w:450px;\"\n\t\t\t\t\t\t\t\tdata-frame_1=\"st:2510;sR:2510;\"\n\t\t\t\t\t\t\t\tdata-frame_999=\"o:0;st:3900;sR:1090;\"\n\t\t\t\t\t\t\t\tstyle=\"z-index:16;font-family:'Roboto';\"\n\t\t\t\t\t\t\t>partnerstvo \n\t\t\t\t\t\t\t<\/rs-layer><!--\n\n\t\t\t\t\t\t\t--><rs-layer\n\t\t\t\t\t\t\t\tid=\"slider-4-slide-13-layer-8\" \n\t\t\t\t\t\t\t\tdata-type=\"image\"\n\t\t\t\t\t\t\t\tdata-rsp_ch=\"on\"\n\t\t\t\t\t\t\t\tdata-text=\"w:normal;\"\n\t\t\t\t\t\t\t\tdata-dim=\"w:100%;h:100%;\"\n\t\t\t\t\t\t\t\tdata-basealign=\"slide\"\n\t\t\t\t\t\t\t\tdata-frame_999=\"o:0;st:2150;sR:1850;\"\n\t\t\t\t\t\t\t\tstyle=\"z-index:11;\"\n\t\t\t\t\t\t\t><img loading=\"lazy\" decoding=\"async\" src=\"\/\/malisic.ba\/wp-content\/plugins\/revslider\/public\/assets\/assets\/dummy.png\" class=\"tp-rs-img rs-lazyload\" width=\"2048\" height=\"1365\" data-lazyload=\"\/\/malisic.ba\/wp-content\/uploads\/slike\/slider1.jpg\" data-c=\"cover-proportional\" data-no-retina> \n\t\t\t\t\t\t\t<\/rs-layer><!--\n\n\t\t\t\t\t\t\t--><rs-layer\n\t\t\t\t\t\t\t\tid=\"slider-4-slide-13-layer-9\" \n\t\t\t\t\t\t\t\tdata-type=\"shape\"\n\t\t\t\t\t\t\t\tdata-rsp_ch=\"on\"\n\t\t\t\t\t\t\t\tdata-text=\"w:normal;\"\n\t\t\t\t\t\t\t\tdata-dim=\"w:100%;h:100%;\"\n\t\t\t\t\t\t\t\tdata-basealign=\"slide\"\n\t\t\t\t\t\t\t\tdata-frame_999=\"o:0;st:w;sR:8700;\"\n\t\t\t\t\t\t\t\tstyle=\"z-index:12;background-color:rgba(0,0,0,0.5);\"\n\t\t\t\t\t\t\t> \n\t\t\t\t\t\t\t<\/rs-layer><!--\n\n\t\t\t\t\t\t\t--><rs-layer\n\t\t\t\t\t\t\t\tid=\"slider-4-slide-13-layer-10\" \n\t\t\t\t\t\t\t\tdata-type=\"image\"\n\t\t\t\t\t\t\t\tdata-rsp_ch=\"on\"\n\t\t\t\t\t\t\t\tdata-xy=\"y:b;\"\n\t\t\t\t\t\t\t\tdata-text=\"w:normal;\"\n\t\t\t\t\t\t\t\tdata-dim=\"w:100%;h:100%;\"\n\t\t\t\t\t\t\t\tdata-basealign=\"slide\"\n\t\t\t\t\t\t\t\tdata-frame_1=\"st:2450;sR:2450;\"\n\t\t\t\t\t\t\t\tdata-frame_999=\"o:0;st:4440;sR:1690;\"\n\t\t\t\t\t\t\t\tstyle=\"z-index:10;\"\n\t\t\t\t\t\t\t><img loading=\"lazy\" decoding=\"async\" src=\"\/\/malisic.ba\/wp-content\/plugins\/revslider\/public\/assets\/assets\/dummy.png\" class=\"tp-rs-img rs-lazyload\" width=\"2048\" height=\"1365\" data-lazyload=\"\/\/malisic.ba\/wp-content\/uploads\/slike\/slider_final.jpg\" data-c=\"cover-proportional\" data-no-retina> \n\t\t\t\t\t\t\t<\/rs-layer><!--\n\n\t\t\t\t\t\t\t--><rs-layer\n\t\t\t\t\t\t\t\tid=\"slider-4-slide-13-layer-11\" \n\t\t\t\t\t\t\t\tdata-type=\"text\"\n\t\t\t\t\t\t\t\tdata-color=\"#ffffff\"\n\t\t\t\t\t\t\t\tdata-rsp_ch=\"on\"\n\t\t\t\t\t\t\t\tdata-xy=\"x:c;xo:50px;y:50px;\"\n\t\t\t\t\t\t\t\tdata-text=\"w:normal;s:70;l:85;\"\n\t\t\t\t\t\t\t\tdata-dim=\"w:450px;\"\n\t\t\t\t\t\t\t\tdata-frame_1=\"st:4220;sR:4220;\"\n\t\t\t\t\t\t\t\tdata-frame_999=\"o:0;st:5380;sR:860;\"\n\t\t\t\t\t\t\t\tstyle=\"z-index:15;font-family:'Roboto';\"\n\t\t\t\t\t\t\t>asortiman \n\t\t\t\t\t\t\t<\/rs-layer><!--\n\n\t\t\t\t\t\t\t--><rs-layer\n\t\t\t\t\t\t\t\tid=\"slider-4-slide-13-layer-12\" \n\t\t\t\t\t\t\t\tdata-type=\"text\"\n\t\t\t\t\t\t\t\tdata-color=\"#ffffff\"\n\t\t\t\t\t\t\t\tdata-rsp_ch=\"on\"\n\t\t\t\t\t\t\t\tdata-xy=\"x:c;xo:50px;y:50px;\"\n\t\t\t\t\t\t\t\tdata-text=\"w:normal;s:70;l:85;\"\n\t\t\t\t\t\t\t\tdata-dim=\"w:450px;\"\n\t\t\t\t\t\t\t\tdata-frame_1=\"st:5700;sR:5700;\"\n\t\t\t\t\t\t\t\tdata-frame_999=\"o:0;st:6980;sR:980;\"\n\t\t\t\t\t\t\t\tstyle=\"z-index:14;font-family:'Roboto';\"\n\t\t\t\t\t\t\t>zdravu hranu \n\t\t\t\t\t\t\t<\/rs-layer><!--\n\n\t\t\t\t\t\t\t--><rs-layer\n\t\t\t\t\t\t\t\tid=\"slider-4-slide-13-layer-13\" \n\t\t\t\t\t\t\t\tdata-type=\"text\"\n\t\t\t\t\t\t\t\tdata-color=\"#ffffff\"\n\t\t\t\t\t\t\t\tdata-rsp_ch=\"on\"\n\t\t\t\t\t\t\t\tdata-xy=\"x:c;xo:50px;y:50px;\"\n\t\t\t\t\t\t\t\tdata-text=\"w:normal;s:70;l:85;\"\n\t\t\t\t\t\t\t\tdata-dim=\"w:450px;\"\n\t\t\t\t\t\t\t\tdata-frame_1=\"st:7270;sR:7270;\"\n\t\t\t\t\t\t\t\tdata-frame_999=\"o:0;st:8580;sR:1010;\"\n\t\t\t\t\t\t\t\tstyle=\"z-index:13;font-family:'Roboto';\"\n\t\t\t\t\t\t\t>pomo\u0107 \n\t\t\t\t\t\t\t<\/rs-layer><!--\n\n\t\t\t\t\t\t\t--><rs-layer\n\t\t\t\t\t\t\t\tid=\"slider-4-slide-13-layer-14\" \n\t\t\t\t\t\t\t\tdata-type=\"image\"\n\t\t\t\t\t\t\t\tdata-rsp_ch=\"on\"\n\t\t\t\t\t\t\t\tdata-xy=\"x:c;y:b;\"\n\t\t\t\t\t\t\t\tdata-text=\"w:normal;\"\n\t\t\t\t\t\t\t\tdata-dim=\"w:100%;h:100%;\"\n\t\t\t\t\t\t\t\tdata-basealign=\"slide\"\n\t\t\t\t\t\t\t\tdata-frame_1=\"st:4740;sR:4740;\"\n\t\t\t\t\t\t\t\tdata-frame_999=\"o:0;st:6700;sR:1660;\"\n\t\t\t\t\t\t\t\tstyle=\"z-index:9;\"\n\t\t\t\t\t\t\t><img loading=\"lazy\" decoding=\"async\" src=\"\/\/malisic.ba\/wp-content\/plugins\/revslider\/public\/assets\/assets\/dummy.png\" class=\"tp-rs-img rs-lazyload\" width=\"2048\" height=\"1365\" data-lazyload=\"\/\/malisic.ba\/wp-content\/uploads\/slike\/slider3.jpg\" data-c=\"cover-proportional\" data-no-retina> \n\t\t\t\t\t\t\t<\/rs-layer><!--\n\n\t\t\t\t\t\t\t--><rs-layer\n\t\t\t\t\t\t\t\tid=\"slider-4-slide-13-layer-15\" \n\t\t\t\t\t\t\t\tdata-type=\"image\"\n\t\t\t\t\t\t\t\tdata-rsp_ch=\"on\"\n\t\t\t\t\t\t\t\tdata-xy=\"x:c;y:c;\"\n\t\t\t\t\t\t\t\tdata-text=\"w:normal;\"\n\t\t\t\t\t\t\t\tdata-dim=\"w:100%;h:100%;\"\n\t\t\t\t\t\t\t\tdata-basealign=\"slide\"\n\t\t\t\t\t\t\t\tdata-frame_1=\"st:7000;sR:7000;\"\n\t\t\t\t\t\t\t\tdata-frame_999=\"o:0;st:w;sR:1700;\"\n\t\t\t\t\t\t\t\tstyle=\"z-index:8;\"\n\t\t\t\t\t\t\t><img loading=\"lazy\" decoding=\"async\" src=\"\/\/malisic.ba\/wp-content\/plugins\/revslider\/public\/assets\/assets\/dummy.png\" class=\"tp-rs-img rs-lazyload\" width=\"828\" height=\"315\" data-lazyload=\"\/\/malisic.ba\/wp-content\/uploads\/slike\/slider11.jpg\" data-c=\"cover-proportional\" data-no-retina> \n\t\t\t\t\t\t\t<\/rs-layer><!--\n-->\t\t\t\t\t\t<\/rs-slide>\n\t\t\t\t\t\t<rs-slide style=\"position: absolute;\" data-key=\"rs-131\" data-title=\"Slide\" data-in=\"o:0;\" data-out=\"a:false;\">\n\t\t\t\t\t\t\t<img decoding=\"async\" src=\"\/\/malisic.ba\/wp-content\/plugins\/revslider\/public\/assets\/assets\/dummy.png\" title=\"Home\" class=\"rev-slidebg tp-rs-img rs-lazyload\" data-lazyload=\"\/\/malisic.ba\/wp-content\/plugins\/revslider\/public\/assets\/assets\/transparent.png\" data-no-retina>\n<!--\n\t\t\t\t\t\t\t--><rs-layer\n\t\t\t\t\t\t\t\tid=\"slider-4-slide-131-layer-3\" \n\t\t\t\t\t\t\t\tdata-type=\"text\"\n\t\t\t\t\t\t\t\tdata-color=\"#ffffff\"\n\t\t\t\t\t\t\t\tdata-rsp_ch=\"on\"\n\t\t\t\t\t\t\t\tdata-xy=\"x:54px;y:50px;\"\n\t\t\t\t\t\t\t\tdata-text=\"w:normal;s:70;l:85;fw:300;\"\n\t\t\t\t\t\t\t\tdata-frame_999=\"o:0;st:w;sR:8700;\"\n\t\t\t\t\t\t\t\tstyle=\"z-index:18;font-family:'Roboto';\"\n\t\t\t\t\t\t\t>Mali\u0161i\u0107 nudi \n\t\t\t\t\t\t\t<\/rs-layer><!--\n\n\t\t\t\t\t\t\t--><rs-layer\n\t\t\t\t\t\t\t\tid=\"slider-4-slide-131-layer-5\" \n\t\t\t\t\t\t\t\tdata-type=\"text\"\n\t\t\t\t\t\t\t\tdata-color=\"#ffffff\"\n\t\t\t\t\t\t\t\tdata-rsp_ch=\"on\"\n\t\t\t\t\t\t\t\tdata-xy=\"x:c;xo:50px;y:50px;\"\n\t\t\t\t\t\t\t\tdata-text=\"w:normal;s:70;l:85;\"\n\t\t\t\t\t\t\t\tdata-dim=\"w:450px;\"\n\t\t\t\t\t\t\t\tdata-frame_1=\"st:700;sR:700;\"\n\t\t\t\t\t\t\t\tdata-frame_999=\"o:0;st:2200;sR:1200;\"\n\t\t\t\t\t\t\t\tstyle=\"z-index:17;font-family:'Roboto';\"\n\t\t\t\t\t\t\t>veliki izbor \n\t\t\t\t\t\t\t<\/rs-layer><!--\n\n\t\t\t\t\t\t\t--><rs-layer\n\t\t\t\t\t\t\t\tid=\"slider-4-slide-131-layer-6\" \n\t\t\t\t\t\t\t\tdata-type=\"text\"\n\t\t\t\t\t\t\t\tdata-color=\"#ffffff\"\n\t\t\t\t\t\t\t\tdata-rsp_ch=\"on\"\n\t\t\t\t\t\t\t\tdata-xy=\"x:c;xo:50px;y:50px;\"\n\t\t\t\t\t\t\t\tdata-text=\"w:normal;s:70;l:85;\"\n\t\t\t\t\t\t\t\tdata-dim=\"w:450px;\"\n\t\t\t\t\t\t\t\tdata-frame_1=\"st:2510;sR:2510;\"\n\t\t\t\t\t\t\t\tdata-frame_999=\"o:0;st:3900;sR:1090;\"\n\t\t\t\t\t\t\t\tstyle=\"z-index:16;font-family:'Roboto';\"\n\t\t\t\t\t\t\t>partnerstvo \n\t\t\t\t\t\t\t<\/rs-layer><!--\n\n\t\t\t\t\t\t\t--><rs-layer\n\t\t\t\t\t\t\t\tid=\"slider-4-slide-131-layer-8\" \n\t\t\t\t\t\t\t\tdata-type=\"image\"\n\t\t\t\t\t\t\t\tdata-rsp_ch=\"on\"\n\t\t\t\t\t\t\t\tdata-text=\"w:normal;\"\n\t\t\t\t\t\t\t\tdata-dim=\"w:100%;h:100%;\"\n\t\t\t\t\t\t\t\tdata-basealign=\"slide\"\n\t\t\t\t\t\t\t\tdata-frame_999=\"o:0;st:2150;sR:1850;\"\n\t\t\t\t\t\t\t\tstyle=\"z-index:11;\"\n\t\t\t\t\t\t\t><img loading=\"lazy\" decoding=\"async\" src=\"\/\/malisic.ba\/wp-content\/plugins\/revslider\/public\/assets\/assets\/dummy.png\" class=\"tp-rs-img rs-lazyload\" width=\"2048\" height=\"1365\" data-lazyload=\"\/\/malisic.ba\/wp-content\/uploads\/slike\/slider1.jpg\" data-c=\"cover-proportional\" data-no-retina> \n\t\t\t\t\t\t\t<\/rs-layer><!--\n\n\t\t\t\t\t\t\t--><rs-layer\n\t\t\t\t\t\t\t\tid=\"slider-4-slide-131-layer-9\" \n\t\t\t\t\t\t\t\tdata-type=\"shape\"\n\t\t\t\t\t\t\t\tdata-rsp_ch=\"on\"\n\t\t\t\t\t\t\t\tdata-text=\"w:normal;\"\n\t\t\t\t\t\t\t\tdata-dim=\"w:100%;h:100%;\"\n\t\t\t\t\t\t\t\tdata-basealign=\"slide\"\n\t\t\t\t\t\t\t\tdata-frame_999=\"o:0;st:w;sR:8700;\"\n\t\t\t\t\t\t\t\tstyle=\"z-index:12;background-color:rgba(0,0,0,0.5);\"\n\t\t\t\t\t\t\t> \n\t\t\t\t\t\t\t<\/rs-layer><!--\n\n\t\t\t\t\t\t\t--><rs-layer\n\t\t\t\t\t\t\t\tid=\"slider-4-slide-131-layer-10\" \n\t\t\t\t\t\t\t\tdata-type=\"image\"\n\t\t\t\t\t\t\t\tdata-rsp_ch=\"on\"\n\t\t\t\t\t\t\t\tdata-xy=\"y:b;\"\n\t\t\t\t\t\t\t\tdata-text=\"w:normal;\"\n\t\t\t\t\t\t\t\tdata-dim=\"w:100%;h:100%;\"\n\t\t\t\t\t\t\t\tdata-basealign=\"slide\"\n\t\t\t\t\t\t\t\tdata-frame_1=\"st:2450;sR:2450;\"\n\t\t\t\t\t\t\t\tdata-frame_999=\"o:0;st:4440;sR:1690;\"\n\t\t\t\t\t\t\t\tstyle=\"z-index:10;\"\n\t\t\t\t\t\t\t><img loading=\"lazy\" decoding=\"async\" src=\"\/\/malisic.ba\/wp-content\/plugins\/revslider\/public\/assets\/assets\/dummy.png\" class=\"tp-rs-img rs-lazyload\" width=\"2048\" height=\"1365\" data-lazyload=\"\/\/malisic.ba\/wp-content\/uploads\/slike\/slider_final.jpg\" data-c=\"cover-proportional\" data-no-retina> \n\t\t\t\t\t\t\t<\/rs-layer><!--\n\n\t\t\t\t\t\t\t--><rs-layer\n\t\t\t\t\t\t\t\tid=\"slider-4-slide-131-layer-11\" \n\t\t\t\t\t\t\t\tdata-type=\"text\"\n\t\t\t\t\t\t\t\tdata-color=\"#ffffff\"\n\t\t\t\t\t\t\t\tdata-rsp_ch=\"on\"\n\t\t\t\t\t\t\t\tdata-xy=\"x:c;xo:50px;y:50px;\"\n\t\t\t\t\t\t\t\tdata-text=\"w:normal;s:70;l:85;\"\n\t\t\t\t\t\t\t\tdata-dim=\"w:450px;\"\n\t\t\t\t\t\t\t\tdata-frame_1=\"st:4220;sR:4220;\"\n\t\t\t\t\t\t\t\tdata-frame_999=\"o:0;st:5380;sR:860;\"\n\t\t\t\t\t\t\t\tstyle=\"z-index:15;font-family:'Roboto';\"\n\t\t\t\t\t\t\t>asortiman \n\t\t\t\t\t\t\t<\/rs-layer><!--\n\n\t\t\t\t\t\t\t--><rs-layer\n\t\t\t\t\t\t\t\tid=\"slider-4-slide-131-layer-12\" \n\t\t\t\t\t\t\t\tdata-type=\"text\"\n\t\t\t\t\t\t\t\tdata-color=\"#ffffff\"\n\t\t\t\t\t\t\t\tdata-rsp_ch=\"on\"\n\t\t\t\t\t\t\t\tdata-xy=\"x:c;xo:50px;y:50px;\"\n\t\t\t\t\t\t\t\tdata-text=\"w:normal;s:70;l:85;\"\n\t\t\t\t\t\t\t\tdata-dim=\"w:450px;\"\n\t\t\t\t\t\t\t\tdata-frame_1=\"st:5700;sR:5700;\"\n\t\t\t\t\t\t\t\tdata-frame_999=\"o:0;st:6980;sR:980;\"\n\t\t\t\t\t\t\t\tstyle=\"z-index:14;font-family:'Roboto';\"\n\t\t\t\t\t\t\t>zdravu hranu \n\t\t\t\t\t\t\t<\/rs-layer><!--\n\n\t\t\t\t\t\t\t--><rs-layer\n\t\t\t\t\t\t\t\tid=\"slider-4-slide-131-layer-13\" \n\t\t\t\t\t\t\t\tdata-type=\"text\"\n\t\t\t\t\t\t\t\tdata-color=\"#ffffff\"\n\t\t\t\t\t\t\t\tdata-rsp_ch=\"on\"\n\t\t\t\t\t\t\t\tdata-xy=\"x:c;xo:50px;y:50px;\"\n\t\t\t\t\t\t\t\tdata-text=\"w:normal;s:70;l:85;\"\n\t\t\t\t\t\t\t\tdata-dim=\"w:450px;\"\n\t\t\t\t\t\t\t\tdata-frame_1=\"st:7270;sR:7270;\"\n\t\t\t\t\t\t\t\tdata-frame_999=\"o:0;st:8580;sR:1010;\"\n\t\t\t\t\t\t\t\tstyle=\"z-index:13;font-family:'Roboto';\"\n\t\t\t\t\t\t\t>pomo\u0107 \n\t\t\t\t\t\t\t<\/rs-layer><!--\n\n\t\t\t\t\t\t\t--><rs-layer\n\t\t\t\t\t\t\t\tid=\"slider-4-slide-131-layer-14\" \n\t\t\t\t\t\t\t\tdata-type=\"image\"\n\t\t\t\t\t\t\t\tdata-rsp_ch=\"on\"\n\t\t\t\t\t\t\t\tdata-xy=\"x:c;y:b;\"\n\t\t\t\t\t\t\t\tdata-text=\"w:normal;\"\n\t\t\t\t\t\t\t\tdata-dim=\"w:100%;h:100%;\"\n\t\t\t\t\t\t\t\tdata-basealign=\"slide\"\n\t\t\t\t\t\t\t\tdata-frame_1=\"st:4740;sR:4740;\"\n\t\t\t\t\t\t\t\tdata-frame_999=\"o:0;st:6700;sR:1660;\"\n\t\t\t\t\t\t\t\tstyle=\"z-index:9;\"\n\t\t\t\t\t\t\t><img loading=\"lazy\" decoding=\"async\" src=\"\/\/malisic.ba\/wp-content\/plugins\/revslider\/public\/assets\/assets\/dummy.png\" class=\"tp-rs-img rs-lazyload\" width=\"2048\" height=\"1365\" data-lazyload=\"\/\/malisic.ba\/wp-content\/uploads\/slike\/slider3.jpg\" data-c=\"cover-proportional\" data-no-retina> \n\t\t\t\t\t\t\t<\/rs-layer><!--\n\n\t\t\t\t\t\t\t--><rs-layer\n\t\t\t\t\t\t\t\tid=\"slider-4-slide-131-layer-15\" \n\t\t\t\t\t\t\t\tdata-type=\"image\"\n\t\t\t\t\t\t\t\tdata-rsp_ch=\"on\"\n\t\t\t\t\t\t\t\tdata-xy=\"x:c;y:c;\"\n\t\t\t\t\t\t\t\tdata-text=\"w:normal;\"\n\t\t\t\t\t\t\t\tdata-dim=\"w:100%;h:100%;\"\n\t\t\t\t\t\t\t\tdata-basealign=\"slide\"\n\t\t\t\t\t\t\t\tdata-frame_1=\"st:7000;sR:7000;\"\n\t\t\t\t\t\t\t\tdata-frame_999=\"o:0;st:w;sR:1700;\"\n\t\t\t\t\t\t\t\tstyle=\"z-index:8;\"\n\t\t\t\t\t\t\t><img loading=\"lazy\" decoding=\"async\" src=\"\/\/malisic.ba\/wp-content\/plugins\/revslider\/public\/assets\/assets\/dummy.png\" class=\"tp-rs-img rs-lazyload\" width=\"828\" height=\"315\" data-lazyload=\"\/\/malisic.ba\/wp-content\/uploads\/slike\/slider11.jpg\" data-c=\"cover-proportional\" data-no-retina> \n\t\t\t\t\t\t\t<\/rs-layer><!--\n-->\t\t\t\t\t\t<\/rs-slide>\n\t\t\t\t\t<\/rs-slides>\n\t\t\t\t\t<rs-static-layers><!--\n\t\t\t\t\t--><\/rs-static-layers>\n\t\t\t\t<\/rs-module>\n\t\t\t\t<script type=\"text\/javascript\">\n\t\t\t\t\tsetREVStartSize({c: 'rev_slider_4_1',rl:[1240,1024,778,480],el:[700],gw:[1240],gh:[700],type:'standard',justify:'',layout:'fullwidth',mh:\"0\"});if (window.RS_MODULES!==undefined && window.RS_MODULES.modules!==undefined && window.RS_MODULES.modules[\"revslider41\"]!==undefined) {window.RS_MODULES.modules[\"revslider41\"].once = false;window.revapi4 = undefined;if (window.RS_MODULES.checkMinimal!==undefined) window.RS_MODULES.checkMinimal()}\n\t\t\t\t<\/script>\n\t\t\t<\/rs-module-wrap>\n\t\t\t<!-- END REVOLUTION SLIDER -->\n[\/vc_column][\/vc_row][vc_row][vc_column][vc_column_text][\/vc_column_text][\/vc_column][\/vc_row][vc_row][vc_column width=&#8221;3\/4&#8243;][vc_column_text el_class=&#8221;main-text&#8221;]\n<h4>MALI\u0160I\u0106 EXPORT &#8211; IMPORT<\/h4>\n<p>Mali\u0161i\u0107 export import Ltd is a family company which is founded in 1990 on grounds of a life-long experience in trade business. Main business of the company is import and distribution of our products on the market together with retail sale and production of fruit syrup and packaging of rice, polenta, pulses etc under our private label named Malpak.<br \/>\nWe are exclusive distributors for many European and local companies. Since 2008 we are certificated with ISO 9001 : 2008 and HACCAP standards.[\/vc_column_text][vc_row_inner el_class=&#8221;poslovnice&#8221;][vc_column_inner width=&#8221;1\/2&#8243;][vc_single_image image=&#8221;349&#8243; img_size=&#8221;full&#8221; alignment=&#8221;center&#8221; el_class=&#8221;main-text-img&#8221;][vc_column_text el_class=&#8221;main-text-img-desc&#8221;]Headquarters in \u017ditomisli\u0107[\/vc_column_text][\/vc_column_inner][vc_column_inner width=&#8221;1\/2&#8243;][vc_single_image image=&#8221;386&#8243; img_size=&#8221;full&#8221; alignment=&#8221;center&#8221; el_class=&#8221;main-text-img&#8221;][vc_column_text el_class=&#8221;main-text-img-desc&#8221;]World&#8217;s most popular brands offer[\/vc_column_text][\/vc_column_inner][\/vc_row_inner][vc_row_inner][vc_column_inner][vc_column_text el_class=&#8221;main-text&#8221;]At our disposal there is more than 10.000 m2 of warehouse space and more than 80 trucks, vans ecc. Our branch offices are located also in Sarajevo, Banja Luka, Tuzla together with our headquater in \u017ditomisli\u0107.<br \/>\nBusiness policy of our company from the very beginning is to satisfy our buyers needs ,serve them with TOP QUALITY service and keep their trust and loyality.<\/p>\n<p>Mali\u0161i\u0107 export-import Ltd., \u010citluk \u2013 partner without confines.[\/vc_column_text][\/vc_column_inner][\/vc_row_inner][\/vc_column][vc_column width=&#8221;1\/4&#8243; el_class=&#8221;facebook-inner&#8221;][vc_raw_html el_class=&#8221;facebook&#8221;]JTNDaDMlM0VGYWNlYm9vayUzQyUyRmgzJTNFJTBBJTNDZGl2JTIwY2xhc3MlM0QlMjJmYi1wYWdlJTIyJTIwZGF0YS1ocmVmJTNEJTIyaHR0cHMlM0ElMkYlMkZ3d3cuZmFjZWJvb2suY29tJTJGbWFsaXNpYy5leHBvcnQuaW1wb3J0JTIyJTIwZGF0YS13aWR0aCUzRCUyMjI4MCUyMiUyMGRhdGEtaGlkZS1jb3ZlciUzRCUyMmZhbHNlJTIyJTIwZGF0YS1zaG93LWZhY2VwaWxlJTNEJTIydHJ1ZSUyMiUyMGRhdGEtc2hvdy1wb3N0cyUzRCUyMmZhbHNlJTIyJTNFJTNDZGl2JTIwY2xhc3MlM0QlMjJmYi14ZmJtbC1wYXJzZS1pZ25vcmUlMjIlM0UlM0NibG9ja3F1b3RlJTIwY2l0ZSUzRCUyMmh0dHBzJTNBJTJGJTJGd3d3LmZhY2Vib29rLmNvbSUyRm1hbGlzaWMuZXhwb3J0LmltcG9ydCUyMiUzRSUzQ2ElMjBocmVmJTNEJTIyaHR0cHMlM0ElMkYlMkZ3d3cuZmFjZWJvb2suY29tJTJGbWFsaXNpYy5leHBvcnQuaW1wb3J0JTIyJTNFTWFsaSVDNSVBMWklQzQlODclMjBFeHBvcnQlMjBpbXBvcnQlM0MlMkZhJTNFJTNDJTJGYmxvY2txdW90ZSUzRSUzQyUyRmRpdiUzRSUzQyUyRmRpdiUzRSUwQQ==[\/vc_raw_html][vc_raw_js]JTNDc2NyaXB0JTNFJTI4ZnVuY3Rpb24lMjhkJTJDJTIwcyUyQyUyMGlkJTI5JTIwJTdCJTBBJTIwJTIwdmFyJTIwanMlMkMlMjBmanMlMjAlM0QlMjBkLmdldEVsZW1lbnRzQnlUYWdOYW1lJTI4cyUyOSU1QjAlNUQlM0IlMEElMjAlMjBpZiUyMCUyOGQuZ2V0RWxlbWVudEJ5SWQlMjhpZCUyOSUyOSUyMHJldHVybiUzQiUwQSUyMCUyMGpzJTIwJTNEJTIwZC5jcmVhdGVFbGVtZW50JTI4cyUyOSUzQiUyMGpzLmlkJTIwJTNEJTIwaWQlM0IlMEElMjAlMjBqcy5zcmMlMjAlM0QlMjAlMjIlMkYlMkZjb25uZWN0LmZhY2Vib29rLm5ldCUyRmVuX1VTJTJGc2RrLmpzJTIzeGZibWwlM0QxJTI2dmVyc2lvbiUzRHYyLjMlMjIlM0IlMEElMjAlMjBmanMucGFyZW50Tm9kZS5pbnNlcnRCZWZvcmUlMjhqcyUyQyUyMGZqcyUyOSUzQiUwQSU3RCUyOGRvY3VtZW50JTJDJTIwJTI3c2NyaXB0JTI3JTJDJTIwJTI3ZmFjZWJvb2stanNzZGslMjclMjklMjklM0IlM0MlMkZzY3JpcHQlM0U=[\/vc_raw_js][\/vc_column][\/vc_row][vc_row el_class=&#8221;partneri-row&#8221;][vc_column width=&#8221;1\/4&#8243;][vc_raw_html el_class=&#8221;partner-blok&#8221;]JTNDZGl2JTIwY2xhc3MlM0QlMjJwYXJ0bmVyLXdyYXBwZXIlMjIlM0UlM0NhJTIwaHJlZiUzRCUyMmh0dHBzJTNBJTJGJTJGbWFsaXNpYy5iYSUyRiUyMiUyMHRhcmdldCUzRCUyMl9ibGFuayUyMiUyMHJlbCUzRCUyMm5vb3BlbmVyJTIyJTNFJTNDaW1nJTIwc3JjJTNEJTIyaHR0cHMlM0ElMkYlMkZtYWxpc2ljLmdhbG9wZGlnaXRhbC5jb20lMkZ3cC1jb250ZW50JTJGdXBsb2FkcyUyRnNsaWtlJTJGbG9nby11dm96LmpwZyUyMiUyMGFsdCUzRCUyMm1hbGlzaWMlMjIlMjAlMkYlM0UlM0MlMkZhJTNFJTNDYSUyMGhyZWYlM0QlMjJodHRwcyUzQSUyRiUyRm1hbGlzaWMuYmElMkYlMjIlMjB0YXJnZXQlM0QlMjJfYmxhbmslMjIlMjByZWwlM0QlMjJub29wZW5lciUyMiUzRSUzQ2klMjBjbGFzcyUzRCUyMmZhJTIwZmEtcGx1cyUyMiUyMGFyaWEtaGlkZGVuJTNEJTIydHJ1ZSUyMiUzRSUzQyUyRmklM0UlM0MlMkZhJTNFJTNDJTJGZGl2JTNFJTBBJTNDaDMlM0VJbXBvcnQlMjBhbmQlMjBkaXN0cmlidXRpb24lM0MlMkZoMyUzRQ==[\/vc_raw_html][\/vc_column][vc_column width=&#8221;1\/4&#8243;][vc_raw_html el_class=&#8221;partner-blok&#8221;]JTNDZGl2JTIwY2xhc3MlM0QlMjJwYXJ0bmVyLXdyYXBwZXIlMjIlM0UlM0NhJTIwaHJlZiUzRCUyMmh0dHAlM0ElMkYlMkZ3dzM4LmhvdGVsYnJvdG5qby5jb20lMkYlMjIlMjB0YXJnZXQlM0QlMjJfYmxhbmslMjIlMjByZWwlM0QlMjJub29wZW5lciUyMiUzRSUzQ2ltZyUyMHNyYyUzRCUyMmh0dHBzJTNBJTJGJTJGbWFsaXNpYy5nYWxvcGRpZ2l0YWwuY29tJTJGd3AtY29udGVudCUyRnVwbG9hZHMlMkZzbGlrZSUyRmxvZ28tYnJvdG5qby5qcGclMjIlMjBhbHQlM0QlMjJicm9uam8lMjIlMjAlMkYlM0UlM0MlMkZhJTNFJTNDYSUyMGhyZWYlM0QlMjJodHRwJTNBJTJGJTJGd3czOC5ob3RlbGJyb3Ruam8uY29tJTJGJTIyJTIwdGFyZ2V0JTNEJTIyX2JsYW5rJTIyJTIwcmVsJTNEJTIybm9vcGVuZXIlMjIlM0UlM0NpJTIwY2xhc3MlM0QlMjJmYSUyMGZhLXBsdXMlMjIlMjBhcmlhLWhpZGRlbiUzRCUyMnRydWUlMjIlM0UlM0MlMkZpJTNFJTNDJTJGYSUzRSUzQyUyRmRpdiUzRSUwQSUzQ2gzJTNFSG90ZWwlMjBCcm90bmpvJTNDJTJGaDMlM0U=[\/vc_raw_html][\/vc_column][vc_column width=&#8221;1\/4&#8243;][vc_raw_html el_class=&#8221;partner-blok&#8221;]JTNDZGl2JTIwY2xhc3MlM0QlMjJwYXJ0bmVyLXdyYXBwZXIlMjIlM0UlM0NhJTIwaHJlZiUzRCUyMmh0dHBzJTNBJTJGJTJGcHJvZGFqbmljZW50YXItbWFsaXNpYy5jb20lMkZjZW50YXIlMkYlMjIlMjB0YXJnZXQlM0QlMjJfYmxhbmslMjIlMjByZWwlM0QlMjJub29wZW5lciUyMiUzRSUzQ2ltZyUyMHNyYyUzRCUyMmh0dHBzJTNBJTJGJTJGbWFsaXNpYy5nYWxvcGRpZ2l0YWwuY29tJTJGd3AtY29udGVudCUyRnVwbG9hZHMlMkZzbGlrZSUyRmxvZ28tcHJvZGFqbmkuanBnJTIyJTIwYWx0JTNEJTIycHJvZGFqbmljZW50YXIlMjIlMjAlMkYlM0UlM0MlMkZhJTNFJTNDYSUyMGhyZWYlM0QlMjJodHRwcyUzQSUyRiUyRnByb2Rham5pY2VudGFyLW1hbGlzaWMuY29tJTJGY2VudGFyJTJGJTIyJTIwdGFyZ2V0JTNEJTIyX2JsYW5rJTIyJTIwcmVsJTNEJTIybm9vcGVuZXIlMjIlM0UlM0NpJTIwY2xhc3MlM0QlMjJmYSUyMGZhLXBsdXMlMjIlMjBhcmlhLWhpZGRlbiUzRCUyMnRydWUlMjIlM0UlM0MlMkZpJTNFJTNDJTJGYSUzRSUzQyUyRmRpdiUzRSUwQSUzQ2gzJTNFQnVzaW5lc3MlMjBDZW50cmUlM0MlMkZoMyUzRQ==[\/vc_raw_html][\/vc_column][vc_column width=&#8221;1\/4&#8243;][vc_raw_html el_class=&#8221;partner-blok&#8221;]JTNDZGl2JTIwY2xhc3MlM0QlMjJwYXJ0bmVyLXdyYXBwZXIlMjIlM0UlM0NhJTIwaHJlZiUzRCUyMmh0dHAlM0ElMkYlMkZ3d3cubWFsaXNpYy5iYSUyRnRodW5pcyUyRiUyMiUyMHRhcmdldCUzRCUyMl9ibGFuayUyMiUyMHJlbCUzRCUyMm5vb3BlbmVyJTIyJTNFJTNDaW1nJTIwc3JjJTNEJTIyaHR0cHMlM0ElMkYlMkZtYWxpc2ljLmdhbG9wZGlnaXRhbC5jb20lMkZ3cC1jb250ZW50JTJGdXBsb2FkcyUyRnNsaWtlJTJGbG9nby10aHVuaXMuanBnJTIyJTIwYWx0JTNEJTIydGh1bmlzLW9wcmVtYSUyMiUyMCUyRiUzRSUzQyUyRmElM0UlM0NhJTIwaHJlZiUzRCUyMmh0dHAlM0ElMkYlMkZ3d3cubWFsaXNpYy5iYSUyRnRodW5pcyUyRiUyMiUyMHRhcmdldCUzRCUyMl9ibGFuayUyMiUyMHJlbCUzRCUyMm5vb3BlbmVyJTIyJTNFJTNDaSUyMGNsYXNzJTNEJTIyZmElMjBmYS1wbHVzJTIyJTIwYXJpYS1oaWRkZW4lM0QlMjJ0cnVlJTIyJTNFJTNDJTJGaSUzRSUzQyUyRmElM0UlM0MlMkZkaXYlM0UlMEElM0NoMyUzRVRodW5pcyUyMGVxdWlwbWVudCUzQyUyRmgzJTNF[\/vc_raw_html][\/vc_column][\/vc_row]\n","protected":false},"excerpt":{"rendered":"<p>[vc_row][vc_column][\/vc_column][\/vc_row][vc_row][vc_column][vc_column_text][\/vc_column_text][\/vc_column][\/vc_row][vc_row][vc_column width=&#8221;3\/4&#8243;][vc_column_text el_class=&#8221;main-text&#8221;] MALI\u0160I\u0106 EXPORT &#8211; IMPORT Mali\u0161i\u0107 export import Ltd is a family company which is founded in 1990 on grounds of a life-long experience in trade business. Main business of the company is import and distribution of our products on the market together with retail<\/p>\n","protected":false},"author":1,"featured_media":659,"parent":0,"menu_order":0,"comment_status":"closed","ping_status":"closed","template":"page-FullWidth.php","meta":{"inline_featured_image":false,"footnotes":""},"class_list":["post-667","page","type-page","status-publish","has-post-thumbnail","hentry"],"acf":[],"_links":{"self":[{"href":"https:\/\/malisic.ba\/en\/wp-json\/wp\/v2\/pages\/667","targetHints":{"allow":["GET"]}}],"collection":[{"href":"https:\/\/malisic.ba\/en\/wp-json\/wp\/v2\/pages"}],"about":[{"href":"https:\/\/malisic.ba\/en\/wp-json\/wp\/v2\/types\/page"}],"author":[{"embeddable":true,"href":"https:\/\/malisic.ba\/en\/wp-json\/wp\/v2\/users\/1"}],"replies":[{"embeddable":true,"href":"https:\/\/malisic.ba\/en\/wp-json\/wp\/v2\/comments?post=667"}],"version-history":[{"count":4,"href":"https:\/\/malisic.ba\/en\/wp-json\/wp\/v2\/pages\/667\/revisions"}],"predecessor-version":[{"id":713,"href":"https:\/\/malisic.ba\/en\/wp-json\/wp\/v2\/pages\/667\/revisions\/713"}],"wp:featuredmedia":[{"embeddable":true,"href":"https:\/\/malisic.ba\/en\/wp-json\/wp\/v2\/media\/659"}],"wp:attachment":[{"href":"https:\/\/malisic.ba\/en\/wp-json\/wp\/v2\/media?parent=667"}],"curies":[{"name":"wp","href":"https:\/\/api.w.org\/{rel}","templated":true}]}}