{"id":674,"date":"2022-09-03T22:05:33","date_gmt":"2022-09-03T20:05:33","guid":{"rendered":"https:\/\/malisic.ba\/kontakt\/"},"modified":"2022-09-06T07:51:11","modified_gmt":"2022-09-06T05:51:11","slug":"contact","status":"publish","type":"page","link":"https:\/\/malisic.ba\/en\/contact\/","title":{"rendered":"Contact"},"content":{"rendered":"[vc_row][vc_column width=&#8221;3\/4&#8243;][vc_column_text el_class=&#8221;main-text&#8221;]\n<h2>Get in Contact with us!<\/h2>\n<h4>Mali\u0161i\u0107 export-import Ltd<\/h4>\n<p>Bileti\u0107 polje bb<br \/>\n\u010citluk 88260 &#8211; BiH<br \/>\nTel: +387 36 651 446<br \/>\nFax: +387 36 651 062<\/p>\n<p>&nbsp;<\/p>\n<p><strong>Josip Mili\u0107evi\u0107<\/strong><br \/>\nGeneral Manager<\/p>\n<p><strong>Marijo Jurkovic<\/strong><br \/>\nPurchase Director<br \/>\nMob: +387 63 891 953<\/p>\n<p>Please fill out the contact form below:<\/p>\n\n<div class=\"wpcf7 no-js\" id=\"wpcf7-f8-o1\" lang=\"hr\" dir=\"ltr\">\n<div class=\"screen-reader-response\"><p role=\"status\" aria-live=\"polite\" aria-atomic=\"true\"><\/p> <ul><\/ul><\/div>\n<form action=\"\/en\/wp-json\/wp\/v2\/pages\/674#wpcf7-f8-o1\" method=\"post\" class=\"wpcf7-form init\" aria-label=\"Kontakt obrazac\" novalidate=\"novalidate\" data-status=\"init\">\n<div style=\"display: none;\">\n<input type=\"hidden\" name=\"_wpcf7\" value=\"8\" \/>\n<input type=\"hidden\" name=\"_wpcf7_version\" value=\"5.7.5.1\" \/>\n<input type=\"hidden\" name=\"_wpcf7_locale\" value=\"hr\" \/>\n<input type=\"hidden\" name=\"_wpcf7_unit_tag\" value=\"wpcf7-f8-o1\" \/>\n<input type=\"hidden\" name=\"_wpcf7_container_post\" value=\"0\" \/>\n<input type=\"hidden\" name=\"_wpcf7_posted_data_hash\" value=\"\" \/>\n<\/div>\n<div class=\"parent\">\n\t<div class=\"div1\">\n\t\t<p><label> Klijent<br \/>\n<span class=\"wpcf7-form-control-wrap\" data-name=\"klijent\"><input size=\"40\" class=\"wpcf7-form-control wpcf7-text wpcf7-validates-as-required\" aria-required=\"true\" aria-invalid=\"false\" value=\"\" type=\"text\" name=\"klijent\" \/><\/span> <\/label>\n\t\t<\/p>\n\t<\/div>\n\t<div class=\"div2\">\n\t\t<p><label> Telefon<br \/>\n<span class=\"wpcf7-form-control-wrap\" data-name=\"telefon\"><input size=\"40\" class=\"wpcf7-form-control wpcf7-text wpcf7-validates-as-required\" aria-required=\"true\" aria-invalid=\"false\" value=\"\" type=\"text\" name=\"telefon\" \/><\/span> <\/label>\n\t\t<\/p>\n\t<\/div>\n\t<div class=\"div3\">\n\t\t<p><label> Mjesto<br \/>\n<span class=\"wpcf7-form-control-wrap\" data-name=\"mjesto\"><input size=\"40\" class=\"wpcf7-form-control wpcf7-text wpcf7-validates-as-required\" aria-required=\"true\" aria-invalid=\"false\" value=\"\" type=\"text\" name=\"mjesto\" \/><\/span> <\/label>\n\t\t<\/p>\n\t<\/div>\n\t<div class=\"div4\">\n\t\t<p><label> E-mail<br \/>\n<span class=\"wpcf7-form-control-wrap\" data-name=\"your-email\"><input size=\"40\" class=\"wpcf7-form-control wpcf7-text wpcf7-email wpcf7-validates-as-required wpcf7-validates-as-email\" aria-required=\"true\" aria-invalid=\"false\" value=\"\" type=\"email\" name=\"your-email\" \/><\/span> <\/label>\n\t\t<\/p>\n\t<\/div>\n\t<div class=\"div5\">\n\t\t<p><label> Poruka<br \/>\n<span class=\"wpcf7-form-control-wrap\" data-name=\"your-message\"><textarea cols=\"40\" rows=\"10\" class=\"wpcf7-form-control wpcf7-textarea\" aria-invalid=\"false\" name=\"your-message\"><\/textarea><\/span> <\/label>\n\t\t<\/p>\n\t<\/div>\n\t<div class=\"div6\">\n\t\t<p><input class=\"wpcf7-form-control has-spinner wpcf7-submit\" type=\"submit\" value=\"Po\u0161alji poruku\" \/>\n\t\t<\/p>\n\t<\/div>\n<\/div><div class=\"wpcf7-response-output\" aria-hidden=\"true\"><\/div>\n<\/form>\n<\/div>\n[\/vc_column_text][\/vc_column][vc_column width=&#8221;1\/4&#8243; el_class=&#8221;facebook-inner&#8221;][vc_raw_html el_class=&#8221;facebook&#8221;]JTNDaDMlM0VGYWNlYm9vayUzQyUyRmgzJTNFJTBBJTNDZGl2JTIwY2xhc3MlM0QlMjJmYi1wYWdlJTIyJTIwZGF0YS1ocmVmJTNEJTIyaHR0cHMlM0ElMkYlMkZ3d3cuZmFjZWJvb2suY29tJTJGbWFsaXNpYy5leHBvcnQuaW1wb3J0JTIyJTIwZGF0YS13aWR0aCUzRCUyMjI4MCUyMiUyMGRhdGEtaGlkZS1jb3ZlciUzRCUyMmZhbHNlJTIyJTIwZGF0YS1zaG93LWZhY2VwaWxlJTNEJTIydHJ1ZSUyMiUyMGRhdGEtc2hvdy1wb3N0cyUzRCUyMmZhbHNlJTIyJTNFJTNDZGl2JTIwY2xhc3MlM0QlMjJmYi14ZmJtbC1wYXJzZS1pZ25vcmUlMjIlM0UlM0NibG9ja3F1b3RlJTIwY2l0ZSUzRCUyMmh0dHBzJTNBJTJGJTJGd3d3LmZhY2Vib29rLmNvbSUyRm1hbGlzaWMuZXhwb3J0LmltcG9ydCUyMiUzRSUzQ2ElMjBocmVmJTNEJTIyaHR0cHMlM0ElMkYlMkZ3d3cuZmFjZWJvb2suY29tJTJGbWFsaXNpYy5leHBvcnQuaW1wb3J0JTIyJTNFTWFsaSVDNSVBMWklQzQlODclMjBFeHBvcnQlMjBpbXBvcnQlM0MlMkZhJTNFJTNDJTJGYmxvY2txdW90ZSUzRSUzQyUyRmRpdiUzRSUzQyUyRmRpdiUzRQ==[\/vc_raw_html][vc_raw_js]JTNDc2NyaXB0JTNFJTI4ZnVuY3Rpb24lMjhkJTJDJTIwcyUyQyUyMGlkJTI5JTIwJTdCJTBBJTIwJTIwdmFyJTIwanMlMkMlMjBmanMlMjAlM0QlMjBkLmdldEVsZW1lbnRzQnlUYWdOYW1lJTI4cyUyOSU1QjAlNUQlM0IlMEElMjAlMjBpZiUyMCUyOGQuZ2V0RWxlbWVudEJ5SWQlMjhpZCUyOSUyOSUyMHJldHVybiUzQiUwQSUyMCUyMGpzJTIwJTNEJTIwZC5jcmVhdGVFbGVtZW50JTI4cyUyOSUzQiUyMGpzLmlkJTIwJTNEJTIwaWQlM0IlMEElMjAlMjBqcy5zcmMlMjAlM0QlMjAlMjIlMkYlMkZjb25uZWN0LmZhY2Vib29rLm5ldCUyRmVuX1VTJTJGc2RrLmpzJTIzeGZibWwlM0QxJTI2dmVyc2lvbiUzRHYyLjMlMjIlM0IlMEElMjAlMjBmanMucGFyZW50Tm9kZS5pbnNlcnRCZWZvcmUlMjhqcyUyQyUyMGZqcyUyOSUzQiUwQSU3RCUyOGRvY3VtZW50JTJDJTIwJTI3c2NyaXB0JTI3JTJDJTIwJTI3ZmFjZWJvb2stanNzZGslMjclMjklMjklM0IlM0MlMkZzY3JpcHQlM0U=[\/vc_raw_js][\/vc_column][\/vc_row][vc_row el_class=&#8221;partneri-row&#8221;][vc_column width=&#8221;1\/4&#8243;][vc_raw_html el_class=&#8221;oprema-blok&#8221;]JTNDZGl2JTIwY2xhc3MlM0QlMjJwYXJ0bmVyLXdyYXBwZXIlMjIlM0UlM0NhJTIwaHJlZiUzRCUyMmh0dHBzJTNBJTJGJTJGbWFsaXNpYy5iYSUyRiUyMiUyMHRhcmdldCUzRCUyMl9ibGFuayUyMiUyMHJlbCUzRCUyMm5vb3BlbmVyJTIyJTNFJTNDaW1nJTIwc3JjJTNEJTIyaHR0cHMlM0ElMkYlMkZtYWxpc2ljLmdhbG9wZGlnaXRhbC5jb20lMkZ3cC1jb250ZW50JTJGdXBsb2FkcyUyRnNsaWtlJTJGbG9nby11dm96LmpwZyUyMiUyMGFsdCUzRCUyMm1hbGlzaWMlMjIlMjAlMkYlM0UlM0MlMkZhJTNFJTNDYSUyMGhyZWYlM0QlMjJodHRwcyUzQSUyRiUyRm1hbGlzaWMuYmElMkYlMjIlMjB0YXJnZXQlM0QlMjJfYmxhbmslMjIlMjByZWwlM0QlMjJub29wZW5lciUyMiUzRSUzQ2klMjBjbGFzcyUzRCUyMmZhJTIwZmEtcGx1cyUyMiUyMGFyaWEtaGlkZGVuJTNEJTIydHJ1ZSUyMiUzRSUzQyUyRmklM0UlM0MlMkZhJTNFJTNDJTJGZGl2JTNFJTBBJTNDaDMlM0VJbXBvcnQlMjBhbmQlMjBkaXN0cmlidXRpb24lM0MlMkZoMyUzRSUwQQ==[\/vc_raw_html][\/vc_column][vc_column width=&#8221;1\/4&#8243;][vc_raw_html el_class=&#8221;oprema-blok&#8221;]JTNDZGl2JTIwY2xhc3MlM0QlMjJwYXJ0bmVyLXdyYXBwZXIlMjIlM0UlM0NhJTIwaHJlZiUzRCUyMmh0dHAlM0ElMkYlMkZ3dzM4LmhvdGVsYnJvdG5qby5jb20lMkYlMjIlMjB0YXJnZXQlM0QlMjJfYmxhbmslMjIlMjByZWwlM0QlMjJub29wZW5lciUyMiUzRSUzQ2ltZyUyMHNyYyUzRCUyMmh0dHBzJTNBJTJGJTJGbWFsaXNpYy5nYWxvcGRpZ2l0YWwuY29tJTJGd3AtY29udGVudCUyRnVwbG9hZHMlMkZzbGlrZSUyRmxvZ28tYnJvdG5qby5qcGclMjIlMjBhbHQlM0QlMjJicm9uam8lMjIlMjAlMkYlM0UlM0MlMkZhJTNFJTNDYSUyMGhyZWYlM0QlMjJodHRwJTNBJTJGJTJGd3czOC5ob3RlbGJyb3Ruam8uY29tJTJGJTIyJTIwdGFyZ2V0JTNEJTIyX2JsYW5rJTIyJTIwcmVsJTNEJTIybm9vcGVuZXIlMjIlM0UlM0NpJTIwY2xhc3MlM0QlMjJmYSUyMGZhLXBsdXMlMjIlMjBhcmlhLWhpZGRlbiUzRCUyMnRydWUlMjIlM0UlM0MlMkZpJTNFJTNDJTJGYSUzRSUzQyUyRmRpdiUzRSUwQSUzQ2gzJTNFSG90ZWwlMjBCcm90bmpvJTNDJTJGaDMlM0UlMEE=[\/vc_raw_html][\/vc_column][vc_column width=&#8221;1\/4&#8243;][vc_raw_html el_class=&#8221;oprema-blok&#8221;]JTNDZGl2JTIwY2xhc3MlM0QlMjJwYXJ0bmVyLXdyYXBwZXIlMjIlM0UlM0NhJTIwaHJlZiUzRCUyMmh0dHBzJTNBJTJGJTJGcHJvZGFqbmljZW50YXItbWFsaXNpYy5jb20lMkZjZW50YXIlMkYlMjIlMjB0YXJnZXQlM0QlMjJfYmxhbmslMjIlMjByZWwlM0QlMjJub29wZW5lciUyMiUzRSUzQ2ltZyUyMHNyYyUzRCUyMmh0dHBzJTNBJTJGJTJGbWFsaXNpYy5nYWxvcGRpZ2l0YWwuY29tJTJGd3AtY29udGVudCUyRnVwbG9hZHMlMkZzbGlrZSUyRmxvZ28tcHJvZGFqbmkuanBnJTIyJTIwYWx0JTNEJTIycHJvZGFqbmljZW50YXIlMjIlMjAlMkYlM0UlM0MlMkZhJTNFJTNDYSUyMGhyZWYlM0QlMjJodHRwcyUzQSUyRiUyRnByb2Rham5pY2VudGFyLW1hbGlzaWMuY29tJTJGY2VudGFyJTJGJTIyJTIwdGFyZ2V0JTNEJTIyX2JsYW5rJTIyJTIwcmVsJTNEJTIybm9vcGVuZXIlMjIlM0UlM0NpJTIwY2xhc3MlM0QlMjJmYSUyMGZhLXBsdXMlMjIlMjBhcmlhLWhpZGRlbiUzRCUyMnRydWUlMjIlM0UlM0MlMkZpJTNFJTNDJTJGYSUzRSUzQyUyRmRpdiUzRSUwQSUzQ2gzJTNFQnVzaW5lc3MlMjBDZW50cmUlM0MlMkZoMyUzRSUwQQ==[\/vc_raw_html][\/vc_column][vc_column width=&#8221;1\/4&#8243;][vc_raw_html el_class=&#8221;partneri-blok&#8221;]JTNDZGl2JTIwY2xhc3MlM0QlMjJwYXJ0bmVyLXdyYXBwZXIlMjIlM0UlM0NhJTIwaHJlZiUzRCUyMmh0dHAlM0ElMkYlMkZ3d3cubWFsaXNpYy5iYSUyRnRodW5pcyUyRiUyMiUyMHRhcmdldCUzRCUyMl9ibGFuayUyMiUyMHJlbCUzRCUyMm5vb3BlbmVyJTIyJTNFJTNDaW1nJTIwc3JjJTNEJTIyaHR0cHMlM0ElMkYlMkZtYWxpc2ljLmdhbG9wZGlnaXRhbC5jb20lMkZ3cC1jb250ZW50JTJGdXBsb2FkcyUyRnNsaWtlJTJGbG9nby10aHVuaXMuanBnJTIyJTIwYWx0JTNEJTIydGh1bmlzLW9wcmVtYSUyMiUyMCUyRiUzRSUzQyUyRmElM0UlM0NhJTIwaHJlZiUzRCUyMmh0dHAlM0ElMkYlMkZ3d3cubWFsaXNpYy5iYSUyRnRodW5pcyUyRiUyMiUyMHRhcmdldCUzRCUyMl9ibGFuayUyMiUyMHJlbCUzRCUyMm5vb3BlbmVyJTIyJTNFJTNDaSUyMGNsYXNzJTNEJTIyZmElMjBmYS1wbHVzJTIyJTIwYXJpYS1oaWRkZW4lM0QlMjJ0cnVlJTIyJTNFJTNDJTJGaSUzRSUzQyUyRmElM0UlM0MlMkZkaXYlM0UlMEElM0NoMyUzRVRodW5pcyUyMGVxdWlwbWVudCUzQyUyRmgzJTNFJTBB[\/vc_raw_html][\/vc_column][\/vc_row]\n","protected":false},"excerpt":{"rendered":"<p>[vc_row][vc_column width=&#8221;3\/4&#8243;][vc_column_text el_class=&#8221;main-text&#8221;] Get in Contact with us! Mali\u0161i\u0107 export-import Ltd Bileti\u0107 polje bb \u010citluk 88260 &#8211; BiH Tel: +387 36 651 446 Fax: +387 36 651 062 &nbsp; Josip Mili\u0107evi\u0107 General Manager Marijo Jurkovic Purchase Director Mob: +387 63 891 953 Please fill out the contact<\/p>\n","protected":false},"author":1,"featured_media":0,"parent":0,"menu_order":0,"comment_status":"closed","ping_status":"closed","template":"page-FullWidth.php","meta":{"inline_featured_image":false,"footnotes":""},"class_list":["post-674","page","type-page","status-publish","hentry"],"acf":[],"_links":{"self":[{"href":"https:\/\/malisic.ba\/en\/wp-json\/wp\/v2\/pages\/674","targetHints":{"allow":["GET"]}}],"collection":[{"href":"https:\/\/malisic.ba\/en\/wp-json\/wp\/v2\/pages"}],"about":[{"href":"https:\/\/malisic.ba\/en\/wp-json\/wp\/v2\/types\/page"}],"author":[{"embeddable":true,"href":"https:\/\/malisic.ba\/en\/wp-json\/wp\/v2\/users\/1"}],"replies":[{"embeddable":true,"href":"https:\/\/malisic.ba\/en\/wp-json\/wp\/v2\/comments?post=674"}],"version-history":[{"count":3,"href":"https:\/\/malisic.ba\/en\/wp-json\/wp\/v2\/pages\/674\/revisions"}],"predecessor-version":[{"id":698,"href":"https:\/\/malisic.ba\/en\/wp-json\/wp\/v2\/pages\/674\/revisions\/698"}],"wp:attachment":[{"href":"https:\/\/malisic.ba\/en\/wp-json\/wp\/v2\/media?parent=674"}],"curies":[{"name":"wp","href":"https:\/\/api.w.org\/{rel}","templated":true}]}}