{"id":679,"date":"2022-09-04T21:59:55","date_gmt":"2022-09-04T19:59:55","guid":{"rendered":"https:\/\/malisic.ba\/poslovnice\/"},"modified":"2022-09-06T08:38:09","modified_gmt":"2022-09-06T06:38:09","slug":"offices","status":"publish","type":"page","link":"https:\/\/malisic.ba\/en\/offices\/","title":{"rendered":"Offices"},"content":{"rendered":"[vc_row][vc_column width=&#8221;3\/4&#8243;][vc_column_text el_class=&#8221;main-text&#8221;]\n<h2>Our Offices<\/h2>\n<h4>Distribution Centers<\/h4>\n[\/vc_column_text][vc_row_inner el_class=&#8221;poslovnice&#8221;][vc_column_inner width=&#8221;1\/2&#8243;][vc_column_text el_class=&#8221;main-text&#8221;]\n<h5>\u010cITLUK &#8211; HEAD OFFICE<\/h5>\n<p>Bileti\u0107 polje bb<br \/>\n88268 Bileti\u0107 polje<br \/>\nTel: + 387 36 651 446, 654 809<br \/>\nFax: + 387 36 651 062<br \/>\nE-mail: info@malisic.ba[\/vc_column_text][\/vc_column_inner][vc_column_inner width=&#8221;1\/2&#8243;][vc_column_text el_class=&#8221;main-text&#8221;]\n<h5>SARAJEVO &#8211; PJ SARAJEVO<\/h5>\n<p>Bojni\u010dka bb<br \/>\n71 000 Sarajevo<br \/>\nTel: + 387 33 473 706<br \/>\nFax: + 387 33 465 643<br \/>\nE-mail: sarajevo@malisic.ba[\/vc_column_text][\/vc_column_inner][\/vc_row_inner][vc_row_inner][vc_column_inner width=&#8221;1\/2&#8243;][vc_column_text el_class=&#8221;main-text&#8221;]\n<h5>TUZLA &#8211; PJ TUZLA<\/h5>\n<p>Bosanska poljana bb<br \/>\n75 000 Tuzla<br \/>\nTel: + 387 35 349 610<br \/>\nFax: + 387 35 349 610<br \/>\nE-mail: tuzla@malisic.ba[\/vc_column_text][\/vc_column_inner][vc_column_inner width=&#8221;1\/2&#8243;][vc_column_text el_class=&#8221;main-text&#8221;]\n<h5>PJ BANJA LUKA<\/h5>\n<p>Kara\u0111or\u0111eva 1<br \/>\n78 250 Lakta\u0161i<br \/>\nTel: + 387 51 981 170<br \/>\nFax: + 387 51 981 170<br \/>\nE-mail: banjaluka@malisic.ba[\/vc_column_text][\/vc_column_inner][\/vc_row_inner][vc_row_inner][vc_column_inner][vc_raw_html]JTIwJTNDaWZyYW1lJTIwc3JjJTNEJTIyaHR0cHMlM0ElMkYlMkZ3d3cuZ29vZ2xlLmNvbSUyRm1hcHMlMkZlbWJlZCUzRnBiJTNEJTIxMW0xNCUyMTFtOCUyMTFtMyUyMTFkMTE2MzIuNzA1NjYxNDUwODg2JTIxMmQxNy43ODczMTI4JTIxM2Q0My4yMDU3ODklMjEzbTIlMjExaTEwMjQlMjEyaTc2OCUyMTRmMTMuMSUyMTNtMyUyMTFtMiUyMTFzMHgwJTI1M0EweDI4M2Q5NTI3MTI2YTk5MWQlMjEyc01hbGklMjVDNSUyNUExaSUyNUM0JTI1ODclMjUyMEV4cG9ydCUyNTIwLSUyNTIwSW1wb3J0JTIxNWUwJTIxM20yJTIxMXNociUyMTJzYmElMjE0djE1ODk0NDY5MTU0MzUlMjE1bTIlMjExc2hyJTIxMnNiYSUyMiUyMHdpZHRoJTNEJTIyNjAwJTIyJTIwaGVpZ2h0JTNEJTIyNDUwJTIyJTIwZnJhbWVib3JkZXIlM0QlMjIwJTIyJTIwc3R5bGUlM0QlMjJib3JkZXIlM0EwJTNCJTIyJTIwYWxsb3dmdWxsc2NyZWVuJTNEJTIyJTIyJTIwYXJpYS1oaWRkZW4lM0QlMjJmYWxzZSUyMiUyMHRhYmluZGV4JTNEJTIyMCUyMiUzRSUzQyUyRmlmcmFtZSUzRQ==[\/vc_raw_html][\/vc_column_inner][\/vc_row_inner][\/vc_column][vc_column width=&#8221;1\/4&#8243; el_class=&#8221;facebook-inner&#8221;][vc_raw_html el_class=&#8221;facebook&#8221;]JTNDaDMlM0VGYWNlYm9vayUzQyUyRmgzJTNFJTBBJTNDZGl2JTIwY2xhc3MlM0QlMjJmYi1wYWdlJTIyJTIwZGF0YS1ocmVmJTNEJTIyaHR0cHMlM0ElMkYlMkZ3d3cuZmFjZWJvb2suY29tJTJGbWFsaXNpYy5leHBvcnQuaW1wb3J0JTIyJTIwZGF0YS13aWR0aCUzRCUyMjI4MCUyMiUyMGRhdGEtaGlkZS1jb3ZlciUzRCUyMmZhbHNlJTIyJTIwZGF0YS1zaG93LWZhY2VwaWxlJTNEJTIydHJ1ZSUyMiUyMGRhdGEtc2hvdy1wb3N0cyUzRCUyMmZhbHNlJTIyJTNFJTNDZGl2JTIwY2xhc3MlM0QlMjJmYi14ZmJtbC1wYXJzZS1pZ25vcmUlMjIlM0UlM0NibG9ja3F1b3RlJTIwY2l0ZSUzRCUyMmh0dHBzJTNBJTJGJTJGd3d3LmZhY2Vib29rLmNvbSUyRm1hbGlzaWMuZXhwb3J0LmltcG9ydCUyMiUzRSUzQ2ElMjBocmVmJTNEJTIyaHR0cHMlM0ElMkYlMkZ3d3cuZmFjZWJvb2suY29tJTJGbWFsaXNpYy5leHBvcnQuaW1wb3J0JTIyJTNFTWFsaSVDNSVBMWklQzQlODclMjBFeHBvcnQlMjBpbXBvcnQlM0MlMkZhJTNFJTNDJTJGYmxvY2txdW90ZSUzRSUzQyUyRmRpdiUzRSUzQyUyRmRpdiUzRSUwQQ==[\/vc_raw_html][vc_raw_js]JTNDc2NyaXB0JTNFJTI4ZnVuY3Rpb24lMjhkJTJDJTIwcyUyQyUyMGlkJTI5JTIwJTdCJTBBJTIwJTIwdmFyJTIwanMlMkMlMjBmanMlMjAlM0QlMjBkLmdldEVsZW1lbnRzQnlUYWdOYW1lJTI4cyUyOSU1QjAlNUQlM0IlMEElMjAlMjBpZiUyMCUyOGQuZ2V0RWxlbWVudEJ5SWQlMjhpZCUyOSUyOSUyMHJldHVybiUzQiUwQSUyMCUyMGpzJTIwJTNEJTIwZC5jcmVhdGVFbGVtZW50JTI4cyUyOSUzQiUyMGpzLmlkJTIwJTNEJTIwaWQlM0IlMEElMjAlMjBqcy5zcmMlMjAlM0QlMjAlMjIlMkYlMkZjb25uZWN0LmZhY2Vib29rLm5ldCUyRmVuX1VTJTJGc2RrLmpzJTIzeGZibWwlM0QxJTI2dmVyc2lvbiUzRHYyLjMlMjIlM0IlMEElMjAlMjBmanMucGFyZW50Tm9kZS5pbnNlcnRCZWZvcmUlMjhqcyUyQyUyMGZqcyUyOSUzQiUwQSU3RCUyOGRvY3VtZW50JTJDJTIwJTI3c2NyaXB0JTI3JTJDJTIwJTI3ZmFjZWJvb2stanNzZGslMjclMjklMjklM0IlM0MlMkZzY3JpcHQlM0UlMEElMEE=[\/vc_raw_js][\/vc_column][\/vc_row][vc_row el_class=&#8221;oprema-row&#8221;][vc_column width=&#8221;1\/4&#8243;][vc_raw_html el_class=&#8221;oprema-blok&#8221;]JTNDZGl2JTIwY2xhc3MlM0QlMjJwYXJ0bmVyLXdyYXBwZXIlMjIlM0UlM0NhJTIwaHJlZiUzRCUyMmh0dHBzJTNBJTJGJTJGbWFsaXNpYy5iYSUyRiUyMiUyMHRhcmdldCUzRCUyMl9ibGFuayUyMiUyMHJlbCUzRCUyMm5vb3BlbmVyJTIyJTNFJTNDaW1nJTIwc3JjJTNEJTIyaHR0cHMlM0ElMkYlMkZtYWxpc2ljLmdhbG9wZGlnaXRhbC5jb20lMkZ3cC1jb250ZW50JTJGdXBsb2FkcyUyRnNsaWtlJTJGbG9nby11dm96LmpwZyUyMiUyMGFsdCUzRCUyMm1hbGlzaWMlMjIlMjAlMkYlM0UlM0MlMkZhJTNFJTNDYSUyMGhyZWYlM0QlMjJodHRwcyUzQSUyRiUyRm1hbGlzaWMuYmElMkYlMjIlMjB0YXJnZXQlM0QlMjJfYmxhbmslMjIlMjByZWwlM0QlMjJub29wZW5lciUyMiUzRSUzQ2klMjBjbGFzcyUzRCUyMmZhJTIwZmEtcGx1cyUyMiUyMGFyaWEtaGlkZGVuJTNEJTIydHJ1ZSUyMiUzRSUzQyUyRmklM0UlM0MlMkZhJTNFJTNDJTJGZGl2JTNFJTBBJTNDaDMlM0VJbXBvcnQlMjBhbmQlMjBkaXN0cmlidXRpb24lM0MlMkZoMyUzRSUwQQ==[\/vc_raw_html][\/vc_column][vc_column width=&#8221;1\/4&#8243;][vc_raw_html el_class=&#8221;oprema-blok&#8221;]JTNDZGl2JTIwY2xhc3MlM0QlMjJwYXJ0bmVyLXdyYXBwZXIlMjIlM0UlM0NhJTIwaHJlZiUzRCUyMmh0dHAlM0ElMkYlMkZ3dzM4LmhvdGVsYnJvdG5qby5jb20lMkYlMjIlMjB0YXJnZXQlM0QlMjJfYmxhbmslMjIlMjByZWwlM0QlMjJub29wZW5lciUyMiUzRSUzQ2ltZyUyMHNyYyUzRCUyMmh0dHBzJTNBJTJGJTJGbWFsaXNpYy5nYWxvcGRpZ2l0YWwuY29tJTJGd3AtY29udGVudCUyRnVwbG9hZHMlMkZzbGlrZSUyRmxvZ28tYnJvdG5qby5qcGclMjIlMjBhbHQlM0QlMjJicm9uam8lMjIlMjAlMkYlM0UlM0MlMkZhJTNFJTNDYSUyMGhyZWYlM0QlMjJodHRwJTNBJTJGJTJGd3czOC5ob3RlbGJyb3Ruam8uY29tJTJGJTIyJTIwdGFyZ2V0JTNEJTIyX2JsYW5rJTIyJTIwcmVsJTNEJTIybm9vcGVuZXIlMjIlM0UlM0NpJTIwY2xhc3MlM0QlMjJmYSUyMGZhLXBsdXMlMjIlMjBhcmlhLWhpZGRlbiUzRCUyMnRydWUlMjIlM0UlM0MlMkZpJTNFJTNDJTJGYSUzRSUzQyUyRmRpdiUzRSUwQSUzQ2gzJTNFSG90ZWwlMjBCcm90bmpvJTNDJTJGaDMlM0UlMEE=[\/vc_raw_html][\/vc_column][vc_column width=&#8221;1\/4&#8243;][vc_raw_html el_class=&#8221;oprema-blok&#8221;]JTNDZGl2JTIwY2xhc3MlM0QlMjJwYXJ0bmVyLXdyYXBwZXIlMjIlM0UlM0NhJTIwaHJlZiUzRCUyMmh0dHBzJTNBJTJGJTJGcHJvZGFqbmljZW50YXItbWFsaXNpYy5jb20lMkZjZW50YXIlMkYlMjIlMjB0YXJnZXQlM0QlMjJfYmxhbmslMjIlMjByZWwlM0QlMjJub29wZW5lciUyMiUzRSUzQ2ltZyUyMHNyYyUzRCUyMmh0dHBzJTNBJTJGJTJGbWFsaXNpYy5nYWxvcGRpZ2l0YWwuY29tJTJGd3AtY29udGVudCUyRnVwbG9hZHMlMkZzbGlrZSUyRmxvZ28tcHJvZGFqbmkuanBnJTIyJTIwYWx0JTNEJTIycHJvZGFqbmljZW50YXIlMjIlMjAlMkYlM0UlM0MlMkZhJTNFJTNDYSUyMGhyZWYlM0QlMjJodHRwcyUzQSUyRiUyRnByb2Rham5pY2VudGFyLW1hbGlzaWMuY29tJTJGY2VudGFyJTJGJTIyJTIwdGFyZ2V0JTNEJTIyX2JsYW5rJTIyJTIwcmVsJTNEJTIybm9vcGVuZXIlMjIlM0UlM0NpJTIwY2xhc3MlM0QlMjJmYSUyMGZhLXBsdXMlMjIlMjBhcmlhLWhpZGRlbiUzRCUyMnRydWUlMjIlM0UlM0MlMkZpJTNFJTNDJTJGYSUzRSUzQyUyRmRpdiUzRSUwQSUzQ2gzJTNFQnVzaW5lc3MlMjBDZW50cmUlM0MlMkZoMyUzRSUwQQ==[\/vc_raw_html][\/vc_column][vc_column width=&#8221;1\/4&#8243;][vc_raw_html el_class=&#8221;oprema-blok&#8221;]JTNDZGl2JTIwY2xhc3MlM0QlMjJwYXJ0bmVyLXdyYXBwZXIlMjIlM0UlM0NhJTIwaHJlZiUzRCUyMmh0dHAlM0ElMkYlMkZ3d3cubWFsaXNpYy5iYSUyRnRodW5pcyUyRiUyMiUyMHRhcmdldCUzRCUyMl9ibGFuayUyMiUyMHJlbCUzRCUyMm5vb3BlbmVyJTIyJTNFJTNDaW1nJTIwc3JjJTNEJTIyaHR0cHMlM0ElMkYlMkZtYWxpc2ljLmdhbG9wZGlnaXRhbC5jb20lMkZ3cC1jb250ZW50JTJGdXBsb2FkcyUyRnNsaWtlJTJGbG9nby10aHVuaXMuanBnJTIyJTIwYWx0JTNEJTIydGh1bmlzLW9wcmVtYSUyMiUyMCUyRiUzRSUzQyUyRmElM0UlM0NhJTIwaHJlZiUzRCUyMmh0dHAlM0ElMkYlMkZ3d3cubWFsaXNpYy5iYSUyRnRodW5pcyUyRiUyMiUyMHRhcmdldCUzRCUyMl9ibGFuayUyMiUyMHJlbCUzRCUyMm5vb3BlbmVyJTIyJTNFJTNDaSUyMGNsYXNzJTNEJTIyZmElMjBmYS1wbHVzJTIyJTIwYXJpYS1oaWRkZW4lM0QlMjJ0cnVlJTIyJTNFJTNDJTJGaSUzRSUzQyUyRmElM0UlM0MlMkZkaXYlM0UlMEElM0NoMyUzRVRodW5pcyUyMGVxdWlwbWVudCUzQyUyRmgzJTNFJTBB[\/vc_raw_html][\/vc_column][\/vc_row]\n","protected":false},"excerpt":{"rendered":"<p>[vc_row][vc_column width=&#8221;3\/4&#8243;][vc_column_text el_class=&#8221;main-text&#8221;] Our Offices Distribution Centers [\/vc_column_text][vc_row_inner el_class=&#8221;poslovnice&#8221;][vc_column_inner width=&#8221;1\/2&#8243;][vc_column_text el_class=&#8221;main-text&#8221;] \u010cITLUK &#8211; HEAD OFFICE Bileti\u0107 polje bb 88268 Bileti\u0107 polje Tel: + 387 36 651 446, 654 809 Fax: + 387 36 651 062 E-mail: info@malisic.ba[\/vc_column_text][\/vc_column_inner][vc_column_inner width=&#8221;1\/2&#8243;][vc_column_text el_class=&#8221;main-text&#8221;] SARAJEVO &#8211; PJ SARAJEVO Bojni\u010dka bb 71 000<\/p>\n","protected":false},"author":1,"featured_media":0,"parent":0,"menu_order":0,"comment_status":"closed","ping_status":"closed","template":"page-FullWidth.php","meta":{"inline_featured_image":false,"footnotes":""},"class_list":["post-679","page","type-page","status-publish","hentry"],"acf":[],"_links":{"self":[{"href":"https:\/\/malisic.ba\/en\/wp-json\/wp\/v2\/pages\/679","targetHints":{"allow":["GET"]}}],"collection":[{"href":"https:\/\/malisic.ba\/en\/wp-json\/wp\/v2\/pages"}],"about":[{"href":"https:\/\/malisic.ba\/en\/wp-json\/wp\/v2\/types\/page"}],"author":[{"embeddable":true,"href":"https:\/\/malisic.ba\/en\/wp-json\/wp\/v2\/users\/1"}],"replies":[{"embeddable":true,"href":"https:\/\/malisic.ba\/en\/wp-json\/wp\/v2\/comments?post=679"}],"version-history":[{"count":2,"href":"https:\/\/malisic.ba\/en\/wp-json\/wp\/v2\/pages\/679\/revisions"}],"predecessor-version":[{"id":700,"href":"https:\/\/malisic.ba\/en\/wp-json\/wp\/v2\/pages\/679\/revisions\/700"}],"wp:attachment":[{"href":"https:\/\/malisic.ba\/en\/wp-json\/wp\/v2\/media?parent=679"}],"curies":[{"name":"wp","href":"https:\/\/api.w.org\/{rel}","templated":true}]}}